{"id":100,"date":"2026-03-05T11:31:01","date_gmt":"2026-03-05T10:31:01","guid":{"rendered":"https:\/\/milbon-kontakt.de\/?page_id=100"},"modified":"2026-03-16T15:29:26","modified_gmt":"2026-03-16T14:29:26","slug":"danke","status":"publish","type":"page","link":"https:\/\/milbon-kontakt.de\/en\/danke\/","title":{"rendered":"Danke"},"content":{"rendered":"<p><span><img decoding=\"async\" alt=\"\" data-id=\"323\" width=\"160\" data-init-width=\"1080\" height=\"16\" data-init-height=\"108\" title=\"MILBON POSTS 45-4\" loading=\"lazy\" src=\"https:\/\/milbon-kontakt.de\/wp-content\/uploads\/2026\/03\/MILBON-POSTS-45-4-e1773147366568.png\" data-width=\"160\" data-height=\"16\" style=\"aspect-ratio: auto 1080 \/ 108;\"><\/span><\/p>\n<p style=\"text-align: center;\"><strong>THANK YOU FOR YOUR INQUIRY.<\/strong><\/p>\n<p style=\"text-align: center;\">A Milbon representative will be in touch shortly to arrange an appointment for a personal salon presentation.<\/p>\n<p style=\"text-align: center;\">We look forward to getting to know you and your salon.<\/p>\n<p style=\"text-align: center;\">Discover Milbon in the meantime.<\/p>\n<p><a href=\"https:\/\/www.instagram.com\/milbon_germany\/\" target=\"_blank\" rel=\"nofollow noopener\" data-id=\"icon-instagram\"><span>                     <\/span><\/a><a href=\"https:\/\/www.tiktok.com\/@milbon_germany\" target=\"_blank\" rel=\"nofollow noopener\" data-id=\"icon-link\"><span>                     <\/span><\/a><a href=\"https:\/\/www.facebook.com\/milbongermany\" target=\"_blank\" rel=\"nofollow noopener\" data-id=\"icon-facebook\"><span>                     <\/span><\/a><\/p>","protected":false},"excerpt":{"rendered":"<p>Vielen Dank f\u00fcr deine Anfrage. Ein Milbon Ansprechpartner wird sich zeitnah bei dir melden, um einen Termin f\u00fcr eine pers\u00f6nliche Salonvorstellung zu vereinbaren. Wir freuen uns darauf, dich und deinen Salon kennenzulernen. Bis dahin kannst du Milbon hier entdecken.<\/p>","protected":false},"author":1,"featured_media":0,"parent":0,"menu_order":0,"comment_status":"closed","ping_status":"closed","template":"","meta":{"footnotes":"","tve_updated_post":"","tve_custom_css":"","tve_user_custom_css":"","tve_globals":{},"tcb2_ready":1,"tcb_editor_enabled":1,"tve_landing_page":"9453b81fde22a76d3e0d9408f3bd9287","_tve_header":"0","_tve_footer":"62"},"class_list":["post-100","page","type-page","status-publish","hentry","post-wrapper","thrv_wrapper"],"_links":{"self":[{"href":"https:\/\/milbon-kontakt.de\/en\/wp-json\/wp\/v2\/pages\/100","targetHints":{"allow":["GET"]}}],"collection":[{"href":"https:\/\/milbon-kontakt.de\/en\/wp-json\/wp\/v2\/pages"}],"about":[{"href":"https:\/\/milbon-kontakt.de\/en\/wp-json\/wp\/v2\/types\/page"}],"author":[{"embeddable":true,"href":"https:\/\/milbon-kontakt.de\/en\/wp-json\/wp\/v2\/users\/1"}],"replies":[{"embeddable":true,"href":"https:\/\/milbon-kontakt.de\/en\/wp-json\/wp\/v2\/comments?post=100"}],"version-history":[{"count":10,"href":"https:\/\/milbon-kontakt.de\/en\/wp-json\/wp\/v2\/pages\/100\/revisions"}],"predecessor-version":[{"id":819,"href":"https:\/\/milbon-kontakt.de\/en\/wp-json\/wp\/v2\/pages\/100\/revisions\/819"}],"wp:attachment":[{"href":"https:\/\/milbon-kontakt.de\/en\/wp-json\/wp\/v2\/media?parent=100"}],"curies":[{"name":"wp","href":"https:\/\/api.w.org\/{rel}","templated":true}]}}